{"id":13,"date":"2023-02-08T17:06:32","date_gmt":"2023-02-08T17:06:32","guid":{"rendered":"https:\/\/didac.fr\/?page_id=13"},"modified":"2023-08-05T16:36:04","modified_gmt":"2023-08-05T16:36:04","slug":"dessins","status":"publish","type":"page","link":"https:\/\/didac.fr\/?page_id=13","title":{"rendered":"Dessins"},"content":{"rendered":"\n<p>Ici aussi on ressent la tendance du dessinateur \u00e0 la par\u00e9idolie, ou l&rsquo;art de voir des visages partout. A faire tourner la t\u00eate&#8230;<\/p>\n\n\n\n<figure class=\"is-layout-flex wp-block-gallery-1 wp-block-gallery has-nested-images columns-default is-cropped\">\n<figure class=\"wp-block-image size-large\"><img decoding=\"async\" loading=\"lazy\" width=\"783\" height=\"1024\" data-id=\"337\"  src=\"http:\/\/didac.fr\/wp-content\/uploads\/2023\/02\/Image28-783x1024.jpg\" alt=\"\" class=\"wp-image-337\" srcset=\"https:\/\/didac.fr\/wp-content\/uploads\/2023\/02\/Image28-783x1024.jpg 783w, https:\/\/didac.fr\/wp-content\/uploads\/2023\/02\/Image28-229x300.jpg 229w, https:\/\/didac.fr\/wp-content\/uploads\/2023\/02\/Image28-115x150.jpg 115w, https:\/\/didac.fr\/wp-content\/uploads\/2023\/02\/Image28-768x1005.jpg 768w, https:\/\/didac.fr\/wp-content\/uploads\/2023\/02\/Image28.jpg 860w\" sizes=\"(max-width: 783px) 100vw, 783px\" \/><figcaption class=\"wp-element-caption\">Vue 1&#8230;.<\/figcaption><\/figure>\n\n\n\n<figure class=\"wp-block-image size-large\"><img decoding=\"async\" loading=\"lazy\" width=\"765\" height=\"1024\" data-id=\"336\"  src=\"http:\/\/didac.fr\/wp-content\/uploads\/2023\/02\/Image27-1-765x1024.jpg\" alt=\"\" class=\"wp-image-336\" srcset=\"https:\/\/didac.fr\/wp-content\/uploads\/2023\/02\/Image27-1-765x1024.jpg 765w, https:\/\/didac.fr\/wp-content\/uploads\/2023\/02\/Image27-1-224x300.jpg 224w, https:\/\/didac.fr\/wp-content\/uploads\/2023\/02\/Image27-1-112x150.jpg 112w, https:\/\/didac.fr\/wp-content\/uploads\/2023\/02\/Image27-1-768x1028.jpg 768w, https:\/\/didac.fr\/wp-content\/uploads\/2023\/02\/Image27-1.jpg 856w\" sizes=\"(max-width: 765px) 100vw, 765px\" \/><figcaption class=\"wp-element-caption\">et vue 2<\/figcaption><\/figure>\n<\/figure>\n\n\n\n<figure class=\"is-layout-flex wp-block-gallery-3 wp-block-gallery has-nested-images columns-default is-cropped\">\n<figure class=\"wp-block-image size-large\"><img decoding=\"async\" loading=\"lazy\" width=\"904\" height=\"1024\" data-id=\"335\"  src=\"http:\/\/didac.fr\/wp-content\/uploads\/2023\/02\/Image26-1-904x1024.jpg\" alt=\"\" class=\"wp-image-335\" srcset=\"https:\/\/didac.fr\/wp-content\/uploads\/2023\/02\/Image26-1-904x1024.jpg 904w, https:\/\/didac.fr\/wp-content\/uploads\/2023\/02\/Image26-1-265x300.jpg 265w, https:\/\/didac.fr\/wp-content\/uploads\/2023\/02\/Image26-1-132x150.jpg 132w, https:\/\/didac.fr\/wp-content\/uploads\/2023\/02\/Image26-1-768x870.jpg 768w, https:\/\/didac.fr\/wp-content\/uploads\/2023\/02\/Image26-1.jpg 1010w\" sizes=\"(max-width: 904px) 100vw, 904px\" \/><\/figure>\n\n\n\n<figure class=\"wp-block-image size-large\"><img decoding=\"async\" loading=\"lazy\" width=\"765\" height=\"1024\" data-id=\"341\"  src=\"http:\/\/didac.fr\/wp-content\/uploads\/2023\/02\/Image32-1-765x1024.jpg\" alt=\"\" class=\"wp-image-341\" srcset=\"https:\/\/didac.fr\/wp-content\/uploads\/2023\/02\/Image32-1-765x1024.jpg 765w, https:\/\/didac.fr\/wp-content\/uploads\/2023\/02\/Image32-1-224x300.jpg 224w, https:\/\/didac.fr\/wp-content\/uploads\/2023\/02\/Image32-1-112x150.jpg 112w, https:\/\/didac.fr\/wp-content\/uploads\/2023\/02\/Image32-1-768x1028.jpg 768w, https:\/\/didac.fr\/wp-content\/uploads\/2023\/02\/Image32-1.jpg 856w\" sizes=\"(max-width: 765px) 100vw, 765px\" \/><\/figure>\n\n\n\n<figure class=\"wp-block-image size-large\"><img decoding=\"async\" loading=\"lazy\" width=\"765\" height=\"1024\" data-id=\"345\"  src=\"http:\/\/didac.fr\/wp-content\/uploads\/2023\/02\/Image36-1-765x1024.jpg\" alt=\"\" class=\"wp-image-345\" srcset=\"https:\/\/didac.fr\/wp-content\/uploads\/2023\/02\/Image36-1-765x1024.jpg 765w, https:\/\/didac.fr\/wp-content\/uploads\/2023\/02\/Image36-1-224x300.jpg 224w, https:\/\/didac.fr\/wp-content\/uploads\/2023\/02\/Image36-1-112x150.jpg 112w, https:\/\/didac.fr\/wp-content\/uploads\/2023\/02\/Image36-1-768x1028.jpg 768w, https:\/\/didac.fr\/wp-content\/uploads\/2023\/02\/Image36-1.jpg 856w\" sizes=\"(max-width: 765px) 100vw, 765px\" \/><\/figure>\n<\/figure>\n\n\n\n<figure class=\"is-layout-flex wp-block-gallery-5 wp-block-gallery has-nested-images columns-default is-cropped\">\n<figure class=\"wp-block-image size-large\"><img decoding=\"async\" loading=\"lazy\" width=\"780\" height=\"1024\" data-id=\"346\"  src=\"http:\/\/didac.fr\/wp-content\/uploads\/2023\/02\/Image37-1-780x1024.jpg\" alt=\"\" class=\"wp-image-346\" srcset=\"https:\/\/didac.fr\/wp-content\/uploads\/2023\/02\/Image37-1-780x1024.jpg 780w, https:\/\/didac.fr\/wp-content\/uploads\/2023\/02\/Image37-1-229x300.jpg 229w, https:\/\/didac.fr\/wp-content\/uploads\/2023\/02\/Image37-1-114x150.jpg 114w, https:\/\/didac.fr\/wp-content\/uploads\/2023\/02\/Image37-1-768x1008.jpg 768w, https:\/\/didac.fr\/wp-content\/uploads\/2023\/02\/Image37-1.jpg 879w\" sizes=\"(max-width: 780px) 100vw, 780px\" \/><figcaption class=\"wp-element-caption\">Vue 1&#8230;<\/figcaption><\/figure>\n\n\n\n<figure class=\"wp-block-image size-large\"><img decoding=\"async\" loading=\"lazy\" width=\"793\" height=\"1024\" data-id=\"340\"  src=\"http:\/\/didac.fr\/wp-content\/uploads\/2023\/02\/Image31-793x1024.jpg\" alt=\"\" class=\"wp-image-340\" srcset=\"https:\/\/didac.fr\/wp-content\/uploads\/2023\/02\/Image31-793x1024.jpg 793w, https:\/\/didac.fr\/wp-content\/uploads\/2023\/02\/Image31-232x300.jpg 232w, https:\/\/didac.fr\/wp-content\/uploads\/2023\/02\/Image31-116x150.jpg 116w, https:\/\/didac.fr\/wp-content\/uploads\/2023\/02\/Image31-768x991.jpg 768w, https:\/\/didac.fr\/wp-content\/uploads\/2023\/02\/Image31.jpg 888w\" sizes=\"(max-width: 793px) 100vw, 793px\" \/><figcaption class=\"wp-element-caption\">&#8230;ou vue 2?<\/figcaption><\/figure>\n<\/figure>\n\n\n\n<figure class=\"is-layout-flex wp-block-gallery-7 wp-block-gallery has-nested-images columns-default is-cropped\">\n<figure class=\"wp-block-image size-large\"><img decoding=\"async\" loading=\"lazy\" width=\"777\" height=\"1024\" data-id=\"342\"  src=\"http:\/\/didac.fr\/wp-content\/uploads\/2023\/02\/Image33-1-777x1024.jpg\" alt=\"\" class=\"wp-image-342\" srcset=\"https:\/\/didac.fr\/wp-content\/uploads\/2023\/02\/Image33-1-777x1024.jpg 777w, https:\/\/didac.fr\/wp-content\/uploads\/2023\/02\/Image33-1-228x300.jpg 228w, https:\/\/didac.fr\/wp-content\/uploads\/2023\/02\/Image33-1-114x150.jpg 114w, https:\/\/didac.fr\/wp-content\/uploads\/2023\/02\/Image33-1-768x1012.jpg 768w, https:\/\/didac.fr\/wp-content\/uploads\/2023\/02\/Image33-1.jpg 870w\" sizes=\"(max-width: 777px) 100vw, 777px\" \/><figcaption class=\"wp-element-caption\">Vue 1&#8230;.<\/figcaption><\/figure>\n\n\n\n<figure class=\"wp-block-image size-large\"><img decoding=\"async\" loading=\"lazy\" width=\"795\" height=\"1024\" data-id=\"343\"  src=\"http:\/\/didac.fr\/wp-content\/uploads\/2023\/02\/Image34-795x1024.jpg\" alt=\"\" class=\"wp-image-343\" srcset=\"https:\/\/didac.fr\/wp-content\/uploads\/2023\/02\/Image34-795x1024.jpg 795w, https:\/\/didac.fr\/wp-content\/uploads\/2023\/02\/Image34-233x300.jpg 233w, https:\/\/didac.fr\/wp-content\/uploads\/2023\/02\/Image34-116x150.jpg 116w, https:\/\/didac.fr\/wp-content\/uploads\/2023\/02\/Image34-768x990.jpg 768w, https:\/\/didac.fr\/wp-content\/uploads\/2023\/02\/Image34.jpg 873w\" sizes=\"(max-width: 795px) 100vw, 795px\" \/><figcaption class=\"wp-element-caption\">Vue 2&#8230;<\/figcaption><\/figure>\n\n\n\n<figure class=\"wp-block-image size-large\"><img decoding=\"async\" loading=\"lazy\" width=\"1024\" height=\"809\" data-id=\"344\"  src=\"http:\/\/didac.fr\/wp-content\/uploads\/2023\/02\/Image35-1-1024x809.jpg\" alt=\"\" class=\"wp-image-344\" srcset=\"https:\/\/didac.fr\/wp-content\/uploads\/2023\/02\/Image35-1-1024x809.jpg 1024w, https:\/\/didac.fr\/wp-content\/uploads\/2023\/02\/Image35-1-300x237.jpg 300w, https:\/\/didac.fr\/wp-content\/uploads\/2023\/02\/Image35-1-150x118.jpg 150w, https:\/\/didac.fr\/wp-content\/uploads\/2023\/02\/Image35-1-768x607.jpg 768w, https:\/\/didac.fr\/wp-content\/uploads\/2023\/02\/Image35-1.jpg 1137w\" sizes=\"(max-width: 1024px) 100vw, 1024px\" \/><figcaption class=\"wp-element-caption\">Vue 3 !<\/figcaption><\/figure>\n<\/figure>\n\n\n\n<figure class=\"is-layout-flex wp-block-gallery-9 wp-block-gallery has-nested-images columns-default is-cropped\">\n<figure class=\"wp-block-image size-large\"><img decoding=\"async\" loading=\"lazy\" width=\"675\" height=\"1024\" data-id=\"315\"  src=\"http:\/\/didac.fr\/wp-content\/uploads\/2023\/02\/Image6-1-675x1024.jpg\" alt=\"\" class=\"wp-image-315\" srcset=\"https:\/\/didac.fr\/wp-content\/uploads\/2023\/02\/Image6-1-675x1024.jpg 675w, https:\/\/didac.fr\/wp-content\/uploads\/2023\/02\/Image6-1-198x300.jpg 198w, https:\/\/didac.fr\/wp-content\/uploads\/2023\/02\/Image6-1-99x150.jpg 99w, https:\/\/didac.fr\/wp-content\/uploads\/2023\/02\/Image6-1.jpg 766w\" sizes=\"(max-width: 675px) 100vw, 675px\" \/><\/figure>\n\n\n\n<figure class=\"wp-block-image size-large\"><img decoding=\"async\" loading=\"lazy\" width=\"698\" height=\"1024\" data-id=\"319\"  src=\"http:\/\/didac.fr\/wp-content\/uploads\/2023\/02\/Image10-1-698x1024.jpg\" alt=\"\" class=\"wp-image-319\" srcset=\"https:\/\/didac.fr\/wp-content\/uploads\/2023\/02\/Image10-1-698x1024.jpg 698w, https:\/\/didac.fr\/wp-content\/uploads\/2023\/02\/Image10-1-204x300.jpg 204w, https:\/\/didac.fr\/wp-content\/uploads\/2023\/02\/Image10-1-102x150.jpg 102w, https:\/\/didac.fr\/wp-content\/uploads\/2023\/02\/Image10-1-768x1127.jpg 768w, https:\/\/didac.fr\/wp-content\/uploads\/2023\/02\/Image10-1.jpg 792w\" sizes=\"(max-width: 698px) 100vw, 698px\" \/><\/figure>\n\n\n\n<figure class=\"wp-block-image size-large\"><img decoding=\"async\" loading=\"lazy\" width=\"766\" height=\"1024\" data-id=\"320\"  src=\"http:\/\/didac.fr\/wp-content\/uploads\/2023\/02\/Image11-1-766x1024.jpg\" alt=\"\" class=\"wp-image-320\" srcset=\"https:\/\/didac.fr\/wp-content\/uploads\/2023\/02\/Image11-1-766x1024.jpg 766w, https:\/\/didac.fr\/wp-content\/uploads\/2023\/02\/Image11-1-224x300.jpg 224w, https:\/\/didac.fr\/wp-content\/uploads\/2023\/02\/Image11-1-112x150.jpg 112w, https:\/\/didac.fr\/wp-content\/uploads\/2023\/02\/Image11-1-768x1026.jpg 768w, https:\/\/didac.fr\/wp-content\/uploads\/2023\/02\/Image11-1.jpg 862w\" sizes=\"(max-width: 766px) 100vw, 766px\" \/><\/figure>\n<\/figure>\n\n\n\n<figure class=\"is-layout-flex wp-block-gallery-11 wp-block-gallery has-nested-images columns-default is-cropped\">\n<figure class=\"wp-block-image size-large\"><img decoding=\"async\" loading=\"lazy\" width=\"840\" height=\"1024\" data-id=\"314\"  src=\"http:\/\/didac.fr\/wp-content\/uploads\/2023\/02\/Image5-1-840x1024.jpg\" alt=\"\" class=\"wp-image-314\" srcset=\"https:\/\/didac.fr\/wp-content\/uploads\/2023\/02\/Image5-1-840x1024.jpg 840w, https:\/\/didac.fr\/wp-content\/uploads\/2023\/02\/Image5-1-246x300.jpg 246w, https:\/\/didac.fr\/wp-content\/uploads\/2023\/02\/Image5-1-123x150.jpg 123w, https:\/\/didac.fr\/wp-content\/uploads\/2023\/02\/Image5-1-768x936.jpg 768w, https:\/\/didac.fr\/wp-content\/uploads\/2023\/02\/Image5-1.jpg 953w\" sizes=\"(max-width: 840px) 100vw, 840px\" \/><\/figure>\n\n\n\n<figure class=\"wp-block-image size-large\"><img decoding=\"async\" loading=\"lazy\" width=\"926\" height=\"1024\" data-id=\"316\"  src=\"http:\/\/didac.fr\/wp-content\/uploads\/2023\/02\/Image7-1-926x1024.jpg\" alt=\"\" class=\"wp-image-316\" srcset=\"https:\/\/didac.fr\/wp-content\/uploads\/2023\/02\/Image7-1-926x1024.jpg 926w, https:\/\/didac.fr\/wp-content\/uploads\/2023\/02\/Image7-1-271x300.jpg 271w, https:\/\/didac.fr\/wp-content\/uploads\/2023\/02\/Image7-1-136x150.jpg 136w, https:\/\/didac.fr\/wp-content\/uploads\/2023\/02\/Image7-1-768x849.jpg 768w, https:\/\/didac.fr\/wp-content\/uploads\/2023\/02\/Image7-1.jpg 1051w\" sizes=\"(max-width: 926px) 100vw, 926px\" \/><\/figure>\n<\/figure>\n\n\n\n<figure class=\"is-layout-flex wp-block-gallery-13 wp-block-gallery has-nested-images columns-default is-cropped\">\n<figure class=\"wp-block-image size-large\"><img decoding=\"async\" loading=\"lazy\" width=\"612\" height=\"1024\" data-id=\"311\"  src=\"http:\/\/didac.fr\/wp-content\/uploads\/2023\/02\/Image2-612x1024.jpg\" alt=\"\" class=\"wp-image-311\" srcset=\"https:\/\/didac.fr\/wp-content\/uploads\/2023\/02\/Image2-612x1024.jpg 612w, https:\/\/didac.fr\/wp-content\/uploads\/2023\/02\/Image2-179x300.jpg 179w, https:\/\/didac.fr\/wp-content\/uploads\/2023\/02\/Image2-90x150.jpg 90w, https:\/\/didac.fr\/wp-content\/uploads\/2023\/02\/Image2.jpg 693w\" sizes=\"(max-width: 612px) 100vw, 612px\" \/><\/figure>\n\n\n\n<figure class=\"wp-block-image size-large\"><img decoding=\"async\" loading=\"lazy\" width=\"543\" height=\"1024\" data-id=\"318\"  src=\"http:\/\/didac.fr\/wp-content\/uploads\/2023\/02\/Image9-1-543x1024.jpg\" alt=\"\" class=\"wp-image-318\" srcset=\"https:\/\/didac.fr\/wp-content\/uploads\/2023\/02\/Image9-1-543x1024.jpg 543w, https:\/\/didac.fr\/wp-content\/uploads\/2023\/02\/Image9-1-159x300.jpg 159w, https:\/\/didac.fr\/wp-content\/uploads\/2023\/02\/Image9-1-80x150.jpg 80w, https:\/\/didac.fr\/wp-content\/uploads\/2023\/02\/Image9-1.jpg 614w\" sizes=\"(max-width: 543px) 100vw, 543px\" \/><\/figure>\n\n\n\n<figure class=\"wp-block-image size-large\"><img decoding=\"async\" loading=\"lazy\" width=\"558\" height=\"1024\" data-id=\"322\"  src=\"http:\/\/didac.fr\/wp-content\/uploads\/2023\/02\/Image13-1-558x1024.jpg\" alt=\"\" class=\"wp-image-322\" srcset=\"https:\/\/didac.fr\/wp-content\/uploads\/2023\/02\/Image13-1-558x1024.jpg 558w, https:\/\/didac.fr\/wp-content\/uploads\/2023\/02\/Image13-1-163x300.jpg 163w, https:\/\/didac.fr\/wp-content\/uploads\/2023\/02\/Image13-1-82x150.jpg 82w, https:\/\/didac.fr\/wp-content\/uploads\/2023\/02\/Image13-1.jpg 630w\" sizes=\"(max-width: 558px) 100vw, 558px\" \/><\/figure>\n<\/figure>\n\n\n\n<figure class=\"is-layout-flex wp-block-gallery-15 wp-block-gallery has-nested-images columns-default is-cropped\">\n<figure class=\"wp-block-image size-large\"><img decoding=\"async\" loading=\"lazy\" width=\"989\" height=\"1024\" data-id=\"323\"  src=\"http:\/\/didac.fr\/wp-content\/uploads\/2023\/02\/Image14-989x1024.jpg\" alt=\"\" class=\"wp-image-323\" srcset=\"https:\/\/didac.fr\/wp-content\/uploads\/2023\/02\/Image14-989x1024.jpg 989w, https:\/\/didac.fr\/wp-content\/uploads\/2023\/02\/Image14-290x300.jpg 290w, https:\/\/didac.fr\/wp-content\/uploads\/2023\/02\/Image14-145x150.jpg 145w, https:\/\/didac.fr\/wp-content\/uploads\/2023\/02\/Image14-768x795.jpg 768w, https:\/\/didac.fr\/wp-content\/uploads\/2023\/02\/Image14.jpg 1115w\" sizes=\"(max-width: 989px) 100vw, 989px\" \/><\/figure>\n\n\n\n<figure class=\"wp-block-image size-large\"><img decoding=\"async\" loading=\"lazy\" width=\"881\" height=\"1024\" data-id=\"328\"  src=\"http:\/\/didac.fr\/wp-content\/uploads\/2023\/02\/Image19-1-881x1024.jpg\" alt=\"\" class=\"wp-image-328\" srcset=\"https:\/\/didac.fr\/wp-content\/uploads\/2023\/02\/Image19-1-881x1024.jpg 881w, https:\/\/didac.fr\/wp-content\/uploads\/2023\/02\/Image19-1-258x300.jpg 258w, https:\/\/didac.fr\/wp-content\/uploads\/2023\/02\/Image19-1-129x150.jpg 129w, https:\/\/didac.fr\/wp-content\/uploads\/2023\/02\/Image19-1-768x892.jpg 768w, https:\/\/didac.fr\/wp-content\/uploads\/2023\/02\/Image19-1.jpg 970w\" sizes=\"(max-width: 881px) 100vw, 881px\" \/><\/figure>\n\n\n\n<figure class=\"wp-block-image size-large\"><img decoding=\"async\" loading=\"lazy\" width=\"888\" height=\"1024\" data-id=\"317\"  src=\"http:\/\/didac.fr\/wp-content\/uploads\/2023\/02\/Image8-1-888x1024.jpg\" alt=\"\" class=\"wp-image-317\" srcset=\"https:\/\/didac.fr\/wp-content\/uploads\/2023\/02\/Image8-1-888x1024.jpg 888w, https:\/\/didac.fr\/wp-content\/uploads\/2023\/02\/Image8-1-260x300.jpg 260w, https:\/\/didac.fr\/wp-content\/uploads\/2023\/02\/Image8-1-130x150.jpg 130w, https:\/\/didac.fr\/wp-content\/uploads\/2023\/02\/Image8-1-768x885.jpg 768w, https:\/\/didac.fr\/wp-content\/uploads\/2023\/02\/Image8-1.jpg 1008w\" sizes=\"(max-width: 888px) 100vw, 888px\" \/><\/figure>\n<\/figure>\n\n\n\n<figure class=\"is-layout-flex wp-block-gallery-17 wp-block-gallery has-nested-images columns-default is-cropped\">\n<figure class=\"wp-block-image size-large\"><img decoding=\"async\" loading=\"lazy\" width=\"1024\" height=\"898\" data-id=\"313\"  src=\"http:\/\/didac.fr\/wp-content\/uploads\/2023\/02\/Image4-1024x898.jpg\" alt=\"\" class=\"wp-image-313\" srcset=\"https:\/\/didac.fr\/wp-content\/uploads\/2023\/02\/Image4-1024x898.jpg 1024w, https:\/\/didac.fr\/wp-content\/uploads\/2023\/02\/Image4-300x263.jpg 300w, https:\/\/didac.fr\/wp-content\/uploads\/2023\/02\/Image4-150x132.jpg 150w, https:\/\/didac.fr\/wp-content\/uploads\/2023\/02\/Image4-768x673.jpg 768w, https:\/\/didac.fr\/wp-content\/uploads\/2023\/02\/Image4.jpg 1323w\" sizes=\"(max-width: 1024px) 100vw, 1024px\" \/><figcaption class=\"wp-element-caption\">Vue 1&#8230;.<\/figcaption><\/figure>\n\n\n\n<figure class=\"wp-block-image size-large\"><img decoding=\"async\" loading=\"lazy\" width=\"1024\" height=\"898\" data-id=\"312\"  src=\"http:\/\/didac.fr\/wp-content\/uploads\/2023\/02\/Image3-1024x898.jpg\" alt=\"\" class=\"wp-image-312\" srcset=\"https:\/\/didac.fr\/wp-content\/uploads\/2023\/02\/Image3-1024x898.jpg 1024w, https:\/\/didac.fr\/wp-content\/uploads\/2023\/02\/Image3-300x263.jpg 300w, https:\/\/didac.fr\/wp-content\/uploads\/2023\/02\/Image3-150x132.jpg 150w, https:\/\/didac.fr\/wp-content\/uploads\/2023\/02\/Image3-768x673.jpg 768w, https:\/\/didac.fr\/wp-content\/uploads\/2023\/02\/Image3.jpg 1323w\" sizes=\"(max-width: 1024px) 100vw, 1024px\" \/><figcaption class=\"wp-element-caption\">&#8230;et vue 2 !<\/figcaption><\/figure>\n<\/figure>\n\n\n\n<figure class=\"is-layout-flex wp-block-gallery-19 wp-block-gallery has-nested-images columns-default is-cropped\">\n<figure class=\"wp-block-image size-large\"><img decoding=\"async\" loading=\"lazy\" width=\"768\" height=\"1024\" data-id=\"333\"  src=\"http:\/\/didac.fr\/wp-content\/uploads\/2023\/02\/Image24-1-768x1024.jpg\" alt=\"\" class=\"wp-image-333\" srcset=\"https:\/\/didac.fr\/wp-content\/uploads\/2023\/02\/Image24-1-768x1024.jpg 768w, https:\/\/didac.fr\/wp-content\/uploads\/2023\/02\/Image24-1-225x300.jpg 225w, https:\/\/didac.fr\/wp-content\/uploads\/2023\/02\/Image24-1-113x150.jpg 113w, https:\/\/didac.fr\/wp-content\/uploads\/2023\/02\/Image24-1.jpg 844w\" sizes=\"(max-width: 768px) 100vw, 768px\" \/><\/figure>\n\n\n\n<figure class=\"wp-block-image size-large\"><img decoding=\"async\" loading=\"lazy\" width=\"630\" height=\"1024\" data-id=\"334\"  src=\"http:\/\/didac.fr\/wp-content\/uploads\/2023\/02\/Image25-1-630x1024.jpg\" alt=\"\" class=\"wp-image-334\" srcset=\"https:\/\/didac.fr\/wp-content\/uploads\/2023\/02\/Image25-1-630x1024.jpg 630w, https:\/\/didac.fr\/wp-content\/uploads\/2023\/02\/Image25-1-185x300.jpg 185w, https:\/\/didac.fr\/wp-content\/uploads\/2023\/02\/Image25-1-92x150.jpg 92w, https:\/\/didac.fr\/wp-content\/uploads\/2023\/02\/Image25-1.jpg 715w\" sizes=\"(max-width: 630px) 100vw, 630px\" \/><\/figure>\n\n\n\n<figure class=\"wp-block-image size-large\"><img decoding=\"async\" loading=\"lazy\" width=\"721\" height=\"1024\" data-id=\"321\"  src=\"http:\/\/didac.fr\/wp-content\/uploads\/2023\/02\/Image12-1-721x1024.jpg\" alt=\"\" class=\"wp-image-321\" srcset=\"https:\/\/didac.fr\/wp-content\/uploads\/2023\/02\/Image12-1-721x1024.jpg 721w, https:\/\/didac.fr\/wp-content\/uploads\/2023\/02\/Image12-1-211x300.jpg 211w, https:\/\/didac.fr\/wp-content\/uploads\/2023\/02\/Image12-1-106x150.jpg 106w, https:\/\/didac.fr\/wp-content\/uploads\/2023\/02\/Image12-1-768x1091.jpg 768w, https:\/\/didac.fr\/wp-content\/uploads\/2023\/02\/Image12-1.jpg 807w\" sizes=\"(max-width: 721px) 100vw, 721px\" \/><\/figure>\n<\/figure>\n\n\n\n<figure class=\"is-layout-flex wp-block-gallery-21 wp-block-gallery has-nested-images columns-default is-cropped\">\n<figure class=\"wp-block-image size-large\"><img decoding=\"async\" loading=\"lazy\" width=\"921\" height=\"1024\" data-id=\"332\"  src=\"http:\/\/didac.fr\/wp-content\/uploads\/2023\/02\/Image23-1-921x1024.jpg\" alt=\"\" class=\"wp-image-332\" srcset=\"https:\/\/didac.fr\/wp-content\/uploads\/2023\/02\/Image23-1-921x1024.jpg 921w, https:\/\/didac.fr\/wp-content\/uploads\/2023\/02\/Image23-1-270x300.jpg 270w, https:\/\/didac.fr\/wp-content\/uploads\/2023\/02\/Image23-1-135x150.jpg 135w, https:\/\/didac.fr\/wp-content\/uploads\/2023\/02\/Image23-1-768x854.jpg 768w, https:\/\/didac.fr\/wp-content\/uploads\/2023\/02\/Image23-1.jpg 1024w\" sizes=\"(max-width: 921px) 100vw, 921px\" \/><\/figure>\n\n\n\n<figure class=\"wp-block-image size-large\"><img decoding=\"async\" loading=\"lazy\" width=\"842\" height=\"1024\" data-id=\"326\"  src=\"http:\/\/didac.fr\/wp-content\/uploads\/2023\/02\/Image17-1-842x1024.jpg\" alt=\"\" class=\"wp-image-326\" srcset=\"https:\/\/didac.fr\/wp-content\/uploads\/2023\/02\/Image17-1-842x1024.jpg 842w, https:\/\/didac.fr\/wp-content\/uploads\/2023\/02\/Image17-1-247x300.jpg 247w, https:\/\/didac.fr\/wp-content\/uploads\/2023\/02\/Image17-1-123x150.jpg 123w, https:\/\/didac.fr\/wp-content\/uploads\/2023\/02\/Image17-1-768x933.jpg 768w, https:\/\/didac.fr\/wp-content\/uploads\/2023\/02\/Image17-1.jpg 956w\" sizes=\"(max-width: 842px) 100vw, 842px\" \/><\/figure>\n<\/figure>\n\n\n\n<figure class=\"is-layout-flex wp-block-gallery-23 wp-block-gallery has-nested-images columns-default is-cropped\">\n<figure class=\"wp-block-image size-large\"><img decoding=\"async\" loading=\"lazy\" width=\"761\" height=\"1024\" data-id=\"331\"  src=\"http:\/\/didac.fr\/wp-content\/uploads\/2023\/02\/Image22-1-761x1024.jpg\" alt=\"\" class=\"wp-image-331\" srcset=\"https:\/\/didac.fr\/wp-content\/uploads\/2023\/02\/Image22-1-761x1024.jpg 761w, https:\/\/didac.fr\/wp-content\/uploads\/2023\/02\/Image22-1-223x300.jpg 223w, https:\/\/didac.fr\/wp-content\/uploads\/2023\/02\/Image22-1-112x150.jpg 112w, https:\/\/didac.fr\/wp-content\/uploads\/2023\/02\/Image22-1-768x1033.jpg 768w, https:\/\/didac.fr\/wp-content\/uploads\/2023\/02\/Image22-1.jpg 852w\" sizes=\"(max-width: 761px) 100vw, 761px\" \/><\/figure>\n\n\n\n<figure class=\"wp-block-image size-large\"><img decoding=\"async\" loading=\"lazy\" width=\"772\" height=\"1024\" data-id=\"330\"  src=\"http:\/\/didac.fr\/wp-content\/uploads\/2023\/02\/Image21-1-772x1024.jpg\" alt=\"\" class=\"wp-image-330\" srcset=\"https:\/\/didac.fr\/wp-content\/uploads\/2023\/02\/Image21-1-772x1024.jpg 772w, https:\/\/didac.fr\/wp-content\/uploads\/2023\/02\/Image21-1-226x300.jpg 226w, https:\/\/didac.fr\/wp-content\/uploads\/2023\/02\/Image21-1-113x150.jpg 113w, https:\/\/didac.fr\/wp-content\/uploads\/2023\/02\/Image21-1-768x1019.jpg 768w, https:\/\/didac.fr\/wp-content\/uploads\/2023\/02\/Image21-1.jpg 864w\" sizes=\"(max-width: 772px) 100vw, 772px\" \/><\/figure>\n\n\n\n<figure class=\"wp-block-image size-large\"><img decoding=\"async\" loading=\"lazy\" width=\"823\" height=\"1024\" data-id=\"324\"  src=\"http:\/\/didac.fr\/wp-content\/uploads\/2023\/02\/Image15-1-823x1024.jpg\" alt=\"\" class=\"wp-image-324\" srcset=\"https:\/\/didac.fr\/wp-content\/uploads\/2023\/02\/Image15-1-823x1024.jpg 823w, https:\/\/didac.fr\/wp-content\/uploads\/2023\/02\/Image15-1-241x300.jpg 241w, https:\/\/didac.fr\/wp-content\/uploads\/2023\/02\/Image15-1-120x150.jpg 120w, https:\/\/didac.fr\/wp-content\/uploads\/2023\/02\/Image15-1-768x956.jpg 768w, https:\/\/didac.fr\/wp-content\/uploads\/2023\/02\/Image15-1.jpg 927w\" sizes=\"(max-width: 823px) 100vw, 823px\" \/><\/figure>\n<\/figure>\n\n\n\n<figure class=\"is-layout-flex wp-block-gallery-25 wp-block-gallery has-nested-images columns-default is-cropped\">\n<figure class=\"wp-block-image size-large\"><img decoding=\"async\" loading=\"lazy\" width=\"597\" height=\"1024\" data-id=\"327\"  src=\"http:\/\/didac.fr\/wp-content\/uploads\/2023\/02\/Image18-1-597x1024.jpg\" alt=\"\" class=\"wp-image-327\" srcset=\"https:\/\/didac.fr\/wp-content\/uploads\/2023\/02\/Image18-1-597x1024.jpg 597w, https:\/\/didac.fr\/wp-content\/uploads\/2023\/02\/Image18-1-175x300.jpg 175w, https:\/\/didac.fr\/wp-content\/uploads\/2023\/02\/Image18-1-88x150.jpg 88w, https:\/\/didac.fr\/wp-content\/uploads\/2023\/02\/Image18-1.jpg 678w\" sizes=\"(max-width: 597px) 100vw, 597px\" \/><\/figure>\n\n\n\n<figure class=\"wp-block-image size-large\"><img decoding=\"async\" loading=\"lazy\" width=\"771\" height=\"1024\" data-id=\"338\"  src=\"http:\/\/didac.fr\/wp-content\/uploads\/2023\/02\/Image29-771x1024.jpg\" alt=\"\" class=\"wp-image-338\" srcset=\"https:\/\/didac.fr\/wp-content\/uploads\/2023\/02\/Image29-771x1024.jpg 771w, https:\/\/didac.fr\/wp-content\/uploads\/2023\/02\/Image29-226x300.jpg 226w, https:\/\/didac.fr\/wp-content\/uploads\/2023\/02\/Image29-113x150.jpg 113w, https:\/\/didac.fr\/wp-content\/uploads\/2023\/02\/Image29-768x1020.jpg 768w, https:\/\/didac.fr\/wp-content\/uploads\/2023\/02\/Image29.jpg 863w\" sizes=\"(max-width: 771px) 100vw, 771px\" \/><\/figure>\n<\/figure>\n\n\n\n<p><\/p>\n","protected":false},"excerpt":{"rendered":"<p>Ici aussi on ressent la tendance du dessinateur \u00e0 la par\u00e9idolie, ou l&rsquo;art de voir des visages partout. A faire tourner la t\u00eate&#8230;<\/p>\n","protected":false},"author":1,"featured_media":0,"parent":0,"menu_order":0,"comment_status":"closed","ping_status":"closed","template":"","meta":{"_monsterinsights_skip_tracking":false,"_monsterinsights_sitenote_active":false,"_monsterinsights_sitenote_note":"","_monsterinsights_sitenote_category":0},"_links":{"self":[{"href":"https:\/\/didac.fr\/index.php?rest_route=\/wp\/v2\/pages\/13"}],"collection":[{"href":"https:\/\/didac.fr\/index.php?rest_route=\/wp\/v2\/pages"}],"about":[{"href":"https:\/\/didac.fr\/index.php?rest_route=\/wp\/v2\/types\/page"}],"author":[{"embeddable":true,"href":"https:\/\/didac.fr\/index.php?rest_route=\/wp\/v2\/users\/1"}],"replies":[{"embeddable":true,"href":"https:\/\/didac.fr\/index.php?rest_route=%2Fwp%2Fv2%2Fcomments&post=13"}],"version-history":[{"count":9,"href":"https:\/\/didac.fr\/index.php?rest_route=\/wp\/v2\/pages\/13\/revisions"}],"predecessor-version":[{"id":382,"href":"https:\/\/didac.fr\/index.php?rest_route=\/wp\/v2\/pages\/13\/revisions\/382"}],"wp:attachment":[{"href":"https:\/\/didac.fr\/index.php?rest_route=%2Fwp%2Fv2%2Fmedia&parent=13"}],"curies":[{"name":"wp","href":"https:\/\/api.w.org\/{rel}","templated":true}]}}